{"id":953,"date":"2021-06-11T14:11:42","date_gmt":"2021-06-11T14:11:42","guid":{"rendered":"https:\/\/hew.ispconfig.store\/?page_id=953"},"modified":"2023-09-05T15:34:21","modified_gmt":"2023-09-05T13:34:21","slug":"home","status":"publish","type":"page","link":"https:\/\/heweliusza11.pl\/","title":{"rendered":"O nas"},"content":{"rendered":"\t\t<div data-elementor-type=\"wp-page\" data-elementor-id=\"953\" class=\"elementor elementor-953\">\n\t\t\t\t\t\t<section class=\"elementor-section elementor-top-section elementor-element elementor-element-f62a59f elementor-section-boxed elementor-section-height-default elementor-section-height-default\" data-id=\"f62a59f\" data-element_type=\"section\" data-settings=\"{&quot;background_background&quot;:&quot;classic&quot;}\">\n\t\t\t\t\t\t\t<div class=\"elementor-background-overlay\"><\/div>\n\t\t\t\t\t\t\t<div class=\"elementor-container elementor-column-gap-no\">\n\t\t\t\t\t<div class=\"elementor-column elementor-col-100 elementor-top-column elementor-element elementor-element-ff9fe56\" data-id=\"ff9fe56\" data-element_type=\"column\">\n\t\t\t<div class=\"elementor-widget-wrap\">\n\t\t\t\t\t\t\t<\/div>\n\t\t<\/div>\n\t\t\t\t\t<\/div>\n\t\t<\/section>\n\t\t\t\t<section class=\"elementor-section elementor-top-section elementor-element elementor-element-15e1dec elementor-section-boxed elementor-section-height-default elementor-section-height-default\" data-id=\"15e1dec\" data-element_type=\"section\">\n\t\t\t\t\t\t<div class=\"elementor-container elementor-column-gap-default\">\n\t\t\t\t\t<div class=\"elementor-column elementor-col-100 elementor-top-column elementor-element elementor-element-c5e3b69\" data-id=\"c5e3b69\" data-element_type=\"column\">\n\t\t\t<div class=\"elementor-widget-wrap elementor-element-populated\">\n\t\t\t\t\t\t<div class=\"elementor-element elementor-element-4975a28 elementor-widget elementor-widget-text-editor\" data-id=\"4975a28\" data-element_type=\"widget\" data-widget_type=\"text-editor.default\">\n\t\t\t\t<div class=\"elementor-widget-container\">\n\t\t\t\t\t\t\t\t\t<div style=\"padding-bottom:10px;\" class=\"av-special-heading av-special-heading-h1 avia-builder-el-0 el_before_av_one_half avia-builder-el-first \">\n<h1 class=\"av-special-heading-tag\" itemprop=\"headline\">O nas<\/h1>\n<\/div>\n<p class=\"ox-c63a4d618c-MsoNormal\" style=\"text-align: justify;\"><b>CENTRUM BIUROWE HEWELIUSZA 11<\/b> mie\u015bci si\u0119 w 20 \u2013 kondygnacyjnym budynku biurowym klasy B, zlokalizowanym przy ul. Jana Heweliusza 11 w Gda\u0144sku. Budynek posiada ca\u0142odobow\u0105 ochron\u0119 i monitoring elektroniczny, nowoczesn\u0105 central\u0119 telefoniczn\u0105 z bezpo\u015brednim podej\u015bciem linii \u015bwiat\u0142owodowej, umo\u017cliwiaj\u0105cej zastosowanie nowoczesnych rozwi\u0105za\u0144 teleinformacyjnych.<\/p>\n<p class=\"ox-c63a4d618c-MsoNormal\" style=\"text-align: justify;\">Niew\u0105tpliwym atutem jest doskona\u0142a <b>lokalizacja<\/b>&nbsp;budynku.<\/p>\n<p class=\"ox-c63a4d618c-MsoNormal\" style=\"text-align: justify;\">Biurowiec zlokalizowany jest w Gda\u0144sku \u015ar\u00f3dmie\u015bcie, w odleg\u0142o\u015bci ok. 500 m od Dworca PKP Gda\u0144sk G\u0142\u00f3wny, stanowi\u0105cego cz\u0119\u015b\u0107 wa\u017cnego w\u0119z\u0142a<br>kolejowo-tramwajowo autobusowego i obs\u0142uguj\u0105cego po\u0142\u0105czenia zar\u00f3wno mi\u0119dzymiastowe, jak i mi\u0119dzynarodowe. Stacja Gda\u0144sk G\u0142\u00f3wny jest r\u00f3wnie\u017c<br>przystankiem pocz\u0105tkowym Szybkiej Kolei Miejskiej kursuj\u0105cej po aglomeracji tr\u00f3jmiejskiej i s\u0105siednich miejscowo\u015bciach, b\u0119d\u0105cej dla<br>Gda\u0144ska, Tr\u00f3jmiasta i regionu g\u0142\u00f3wnym \u015brodkiem transportu.<\/p>\n<p class=\"ox-c63a4d618c-MsoNormal\">W Gda\u0144sku \u015ar\u00f3dmie\u015bciu ko\u0144cz\u0105 i zaczynaj\u0105 kursy prawie wszystkie autobusy jad\u0105ce na wsch\u00f3d, zach\u00f3d i<br>po\u0142udnie miasta. Ponadto \u0142\u0105cz\u0105 si\u0119 ze sob\u0105 linie tramwajowe ze Stog\u00f3w, Che\u0142mu, Siedlec, Wrzeszcza i Nowego Portu. Od najbli\u017cszego przystanku<br>tramwajowego znajduj\u0105cego si\u0119 przy biegn\u0105cej wzd\u0142u\u017c Dworca PKP ulicy Podwale Grodzkie do budynku przy ul.&nbsp;Heweliusza 11 dzieli jedynie<br>kilkunastominutowy spacer.<\/p>\n<p class=\"ox-c63a4d618c-MsoNormal\">Oferta&nbsp;Centrum Biurowego Heweliusza 11&nbsp;to <strong>dost\u0119pno\u015b\u0107 r\u00f3\u017cnorodnej powierzchni biurowe<\/strong>j. Powierzchnia poszczeg\u00f3lnych kondygnacji ma charakter modu\u0142owy i tym samym mo\u017ce by\u0107 dzielona na mniejsze segmenty. Mo\u017cliwa jest wi\u0119c dowolna aran\u017cacja powierzchni \u2013&nbsp;&nbsp;od niewielkich pomieszcze\u0144 biurowych o powierzchni ok. 20 m<sup>2&nbsp;<\/sup>do powierzchni ok. 500 m<sup>2<\/sup>, tak\u017ce typu <i>open space.<\/i><\/p>\n<p class=\"ox-c63a4d618c-MsoNormal\">W ofercie <b>CENTRUM BIUROWEGO<\/b> <b>HEWELIUSZA 11<\/b> znajduje si\u0119 ponadto wynajem powierzchni elewacji pod reklam\u0119 wielkoformatow\u0105 oraz wynajem powierzchni technicznej kolokacyjnej i dachowej (pod anteny).<\/p>\n<p class=\"ox-c63a4d618c-MsoNormal\" style=\"text-align: justify;\">\n<\/p>\t\t\t\t\t\t\t\t<\/div>\n\t\t\t\t<\/div>\n\t\t\t\t\t<\/div>\n\t\t<\/div>\n\t\t\t\t\t<\/div>\n\t\t<\/section>\n\t\t\t\t<section class=\"elementor-section elementor-top-section elementor-element elementor-element-ef574f4 elementor-section-boxed elementor-section-height-default elementor-section-height-default\" data-id=\"ef574f4\" data-element_type=\"section\" data-settings=\"{&quot;background_background&quot;:&quot;classic&quot;}\">\n\t\t\t\t\t\t\t<div class=\"elementor-background-overlay\"><\/div>\n\t\t\t\t\t\t\t<div class=\"elementor-container elementor-column-gap-no\">\n\t\t\t\t\t<div class=\"elementor-column elementor-col-100 elementor-top-column elementor-element elementor-element-ea53d19\" data-id=\"ea53d19\" data-element_type=\"column\">\n\t\t\t<div class=\"elementor-widget-wrap\">\n\t\t\t\t\t\t\t<\/div>\n\t\t<\/div>\n\t\t\t\t\t<\/div>\n\t\t<\/section>\n\t\t\t\t<section class=\"elementor-section elementor-top-section elementor-element elementor-element-d71e5d7 elementor-section-boxed elementor-section-height-default elementor-section-height-default\" data-id=\"d71e5d7\" data-element_type=\"section\">\n\t\t\t\t\t\t<div class=\"elementor-container elementor-column-gap-no\">\n\t\t\t\t\t<div class=\"elementor-column elementor-col-50 elementor-top-column elementor-element elementor-element-a6758f2\" data-id=\"a6758f2\" data-element_type=\"column\">\n\t\t\t<div class=\"elementor-widget-wrap elementor-element-populated\">\n\t\t\t\t\t\t<div class=\"elementor-element elementor-element-c7b3be3 elementor-widget__width-initial elementor-widget elementor-widget-icon-box\" data-id=\"c7b3be3\" data-element_type=\"widget\" data-widget_type=\"icon-box.default\">\n\t\t\t\t<div class=\"elementor-widget-container\">\n\t\t\t\t\t\t\t<div class=\"elementor-icon-box-wrapper\">\n\n\t\t\t\n\t\t\t\t\t\t<div class=\"elementor-icon-box-content\">\n\n\t\t\t\t\t\t\t\t\t<h3 class=\"elementor-icon-box-title\">\n\t\t\t\t\t\t<span  >\n\t\t\t\t\t\t\t<br>Kontakt\t\t\t\t\t\t<\/span>\n\t\t\t\t\t<\/h3>\n\t\t\t\t\n\t\t\t\t\t\t\t\t\t<p class=\"elementor-icon-box-description\">\n\t\t\t\t\t\t<strong>CENTRUM BIUROWE HEWELIUSZA&nbsp;11<\/strong><div><div data-scroll-offset=\"88\"><div><div><main role=\"main\"><div><div><div style=\"border-radius:0px\"><section><div><p>ul. Jana Heweliusza 11<br>80&nbsp;\u2013 890 Gda\u0144sk<\/p><p><strong>ZARZ\u0104DCA OBIEKTU<\/strong><\/p><p>Zarz\u0105dzanie Nieruchomo\u015bciami GO Sp. z o. o.<br>ul. Adm. J. Unruga 111<br>81 \u2013 153 Gdynia<\/p><strong>ADMINISTRACJA<\/strong><p>Kierownik ds. administracyjnych: tel. 58 321 70 14, 601 821 606<br>Specjalista ds. administracyjno-finansowych: tel. 58 333 73 00, 601 821 600<\/p><p><strong>BIURO<\/strong>\ntel. 58 333 73 00<\/p><p><strong>RECEPCJA<\/strong>\ntel. 58 321 70 50<\/p><\/div><\/section><\/div><\/div><\/div><\/main><\/div><\/div><\/div><\/div>\t\t\t\t\t<\/p>\n\t\t\t\t\n\t\t\t<\/div>\n\t\t\t\n\t\t<\/div>\n\t\t\t\t\t\t<\/div>\n\t\t\t\t<\/div>\n\t\t\t\t\t<\/div>\n\t\t<\/div>\n\t\t\t\t<div class=\"elementor-column elementor-col-50 elementor-top-column elementor-element elementor-element-eb9ef53\" data-id=\"eb9ef53\" data-element_type=\"column\" data-settings=\"{&quot;background_background&quot;:&quot;classic&quot;}\">\n\t\t\t<div class=\"elementor-widget-wrap elementor-element-populated\">\n\t\t\t\t\t\t<div class=\"elementor-element elementor-element-525b323 elementor-widget elementor-widget-heading\" data-id=\"525b323\" data-element_type=\"widget\" data-widget_type=\"heading.default\">\n\t\t\t\t<div class=\"elementor-widget-container\">\n\t\t\t\t\t<h3 class=\"elementor-heading-title elementor-size-default\"><strong>F<\/strong>ormularz kontaktowy <\/h3>\t\t\t\t<\/div>\n\t\t\t\t<\/div>\n\t\t\t\t<div class=\"elementor-element elementor-element-77ee583 elementor-widget elementor-widget-wpforms\" data-id=\"77ee583\" data-element_type=\"widget\" data-widget_type=\"wpforms.default\">\n\t\t\t\t<div class=\"elementor-widget-container\">\n\t\t\t\t\t<div class=\"wpforms-container \" id=\"wpforms-948\"><form id=\"wpforms-form-948\" class=\"wpforms-validate wpforms-form\" data-formid=\"948\" method=\"post\" enctype=\"multipart\/form-data\" action=\"\/index.php?rest_route=%2Fwp%2Fv2%2Fpages%2F953\" data-token=\"945f398e504dca6f766c7d6f37789a1a\" data-token-time=\"1776673893\"><noscript class=\"wpforms-error-noscript\">Aby wype\u0142ni\u0107 ten formularz, w\u0142\u0105cz obs\u0142ug\u0119 JavaScript w przegl\u0105darce.<\/noscript><div class=\"wpforms-field-container\"><div id=\"wpforms-948-field_0-container\" class=\"wpforms-field wpforms-field-name\" data-field-id=\"0\"><label class=\"wpforms-field-label wpforms-label-hide\" for=\"wpforms-948-field_0\">Imi\u0119 i Nazwisko <span class=\"wpforms-required-label\">*<\/span><\/label><input type=\"text\" id=\"wpforms-948-field_0\" class=\"wpforms-field-large wpforms-field-required\" name=\"wpforms[fields][0]\" placeholder=\"Imi\u0119 i Nazwisko\" required><\/div><div id=\"wpforms-948-field_8-container\" class=\"wpforms-field wpforms-field-text\" data-field-id=\"8\"><label class=\"wpforms-field-label wpforms-label-hide\" for=\"wpforms-948-field_8\">Numer telefonu<\/label><input type=\"text\" id=\"wpforms-948-field_8\" class=\"wpforms-field-large\" name=\"wpforms[fields][8]\" placeholder=\"Numer telefonu\" ><\/div><div id=\"wpforms-948-field_7-container\" class=\"wpforms-field wpforms-field-email\" data-field-id=\"7\"><label class=\"wpforms-field-label wpforms-label-hide\" for=\"wpforms-948-field_7\">Email <span class=\"wpforms-required-label\">*<\/span><\/label><input type=\"email\" id=\"wpforms-948-field_7\" class=\"wpforms-field-large wpforms-field-required\" name=\"wpforms[fields][7]\" placeholder=\"Email\" spellcheck=\"false\" required><\/div><div id=\"wpforms-948-field_2-container\" class=\"wpforms-field wpforms-field-textarea\" data-field-id=\"2\"><label class=\"wpforms-field-label wpforms-label-hide\" for=\"wpforms-948-field_2\">Komentarz lub wiadomo\u015b\u0107 <span class=\"wpforms-required-label\">*<\/span><\/label><textarea id=\"wpforms-948-field_2\" class=\"wpforms-field-medium wpforms-field-required\" name=\"wpforms[fields][2]\" placeholder=\"Komentarz lub wiadomo\u015b\u0107\" required><\/textarea><\/div><\/div><!-- .wpforms-field-container --><div class=\"wpforms-recaptcha-container wpforms-is-hcaptcha\" ><div class=\"h-captcha\" data-sitekey=\"23b4cd3b-63f8-4f7b-b731-045814c6525b\"><\/div><input type=\"text\" name=\"g-recaptcha-hidden\" class=\"wpforms-recaptcha-hidden\" style=\"position:absolute!important;clip:rect(0,0,0,0)!important;height:1px!important;width:1px!important;border:0!important;overflow:hidden!important;padding:0!important;margin:0!important;\" data-rule-hcaptcha=\"1\"><\/div><div class=\"wpforms-submit-container\" ><input type=\"hidden\" name=\"wpforms[id]\" value=\"948\"><input type=\"hidden\" name=\"page_title\" value=\"\"><input type=\"hidden\" name=\"page_url\" value=\"https:\/\/heweliusza11.pl\/index.php?rest_route=\/wp\/v2\/pages\/953\"><input type=\"hidden\" name=\"url_referer\" value=\"\"><button type=\"submit\" name=\"wpforms[submit]\" id=\"wpforms-submit-948\" class=\"wpforms-submit\" data-alt-text=\"Sending...\" data-submit-text=\"Wy\u015blij\" aria-live=\"assertive\" value=\"wpforms-submit\">Wy\u015blij<\/button><\/div><\/form><\/div>  <!-- .wpforms-container -->\t\t\t\t<\/div>\n\t\t\t\t<\/div>\n\t\t\t\t\t<\/div>\n\t\t<\/div>\n\t\t\t\t\t<\/div>\n\t\t<\/section>\n\t\t\t\t<section class=\"elementor-section elementor-top-section elementor-element elementor-element-fec47b1 elementor-section-boxed elementor-section-height-default elementor-section-height-default\" data-id=\"fec47b1\" data-element_type=\"section\">\n\t\t\t\t\t\t<div class=\"elementor-container elementor-column-gap-default\">\n\t\t\t\t\t<div class=\"elementor-column elementor-col-100 elementor-top-column elementor-element elementor-element-9d46970\" data-id=\"9d46970\" data-element_type=\"column\">\n\t\t\t<div class=\"elementor-widget-wrap\">\n\t\t\t\t\t\t\t<\/div>\n\t\t<\/div>\n\t\t\t\t\t<\/div>\n\t\t<\/section>\n\t\t\t\t<\/div>\n\t\t","protected":false},"excerpt":{"rendered":"<p>O nas CENTRUM BIUROWE HEWELIUSZA 11 mie\u015bci si\u0119 w 20 \u2013 kondygnacyjnym budynku biurowym klasy B, zlokalizowanym przy ul. Jana Heweliusza 11 w Gda\u0144sku. Budynek posiada ca\u0142odobow\u0105 ochron\u0119 i monitoring elektroniczny, nowoczesn\u0105 central\u0119 telefoniczn\u0105 z bezpo\u015brednim podej\u015bciem linii \u015bwiat\u0142owodowej, umo\u017cliwiaj\u0105cej zastosowanie nowoczesnych rozwi\u0105za\u0144 teleinformacyjnych. Niew\u0105tpliwym atutem jest doskona\u0142a lokalizacja&nbsp;budynku. Biurowiec zlokalizowany jest w Gda\u0144sku \u015ar\u00f3dmie\u015bcie, [&hellip;]<\/p>\n","protected":false},"author":1,"featured_media":0,"parent":0,"menu_order":0,"comment_status":"closed","ping_status":"closed","template":"","meta":{"site-sidebar-layout":"no-sidebar","site-content-layout":"page-builder","ast-site-content-layout":"full-width-container","site-content-style":"unboxed","site-sidebar-style":"unboxed","ast-global-header-display":"","ast-banner-title-visibility":"","ast-main-header-display":"","ast-hfb-above-header-display":"","ast-hfb-below-header-display":"","ast-hfb-mobile-header-display":"","site-post-title":"disabled","ast-breadcrumbs-content":"disabled","ast-featured-img":"disabled","footer-sml-layout":"","theme-transparent-header-meta":"enabled","adv-header-id-meta":"","stick-header-meta":"","header-above-stick-meta":"","header-main-stick-meta":"","header-below-stick-meta":"","astra-migrate-meta-layouts":"set","ast-page-background-enabled":"default","ast-page-background-meta":{"desktop":{"background-color":"","background-image":"","background-repeat":"repeat","background-position":"center center","background-size":"auto","background-attachment":"scroll","background-type":"","background-media":"","overlay-type":"","overlay-color":"","overlay-opacity":"","overlay-gradient":""},"tablet":{"background-color":"","background-image":"","background-repeat":"repeat","background-position":"center center","background-size":"auto","background-attachment":"scroll","background-type":"","background-media":"","overlay-type":"","overlay-color":"","overlay-opacity":"","overlay-gradient":""},"mobile":{"background-color":"","background-image":"","background-repeat":"repeat","background-position":"center center","background-size":"auto","background-attachment":"scroll","background-type":"","background-media":"","overlay-type":"","overlay-color":"","overlay-opacity":"","overlay-gradient":""}},"ast-content-background-meta":{"desktop":{"background-color":"var(--ast-global-color-5)","background-image":"","background-repeat":"repeat","background-position":"center center","background-size":"auto","background-attachment":"scroll","background-type":"","background-media":"","overlay-type":"","overlay-color":"","overlay-opacity":"","overlay-gradient":""},"tablet":{"background-color":"var(--ast-global-color-5)","background-image":"","background-repeat":"repeat","background-position":"center center","background-size":"auto","background-attachment":"scroll","background-type":"","background-media":"","overlay-type":"","overlay-color":"","overlay-opacity":"","overlay-gradient":""},"mobile":{"background-color":"var(--ast-global-color-5)","background-image":"","background-repeat":"repeat","background-position":"center center","background-size":"auto","background-attachment":"scroll","background-type":"","background-media":"","overlay-type":"","overlay-color":"","overlay-opacity":"","overlay-gradient":""}},"footnotes":""},"class_list":["post-953","page","type-page","status-publish","hentry"],"aioseo_notices":[],"_links":{"self":[{"href":"https:\/\/heweliusza11.pl\/index.php?rest_route=\/wp\/v2\/pages\/953","targetHints":{"allow":["GET"]}}],"collection":[{"href":"https:\/\/heweliusza11.pl\/index.php?rest_route=\/wp\/v2\/pages"}],"about":[{"href":"https:\/\/heweliusza11.pl\/index.php?rest_route=\/wp\/v2\/types\/page"}],"author":[{"embeddable":true,"href":"https:\/\/heweliusza11.pl\/index.php?rest_route=\/wp\/v2\/users\/1"}],"replies":[{"embeddable":true,"href":"https:\/\/heweliusza11.pl\/index.php?rest_route=%2Fwp%2Fv2%2Fcomments&post=953"}],"version-history":[{"count":59,"href":"https:\/\/heweliusza11.pl\/index.php?rest_route=\/wp\/v2\/pages\/953\/revisions"}],"predecessor-version":[{"id":1116,"href":"https:\/\/heweliusza11.pl\/index.php?rest_route=\/wp\/v2\/pages\/953\/revisions\/1116"}],"wp:attachment":[{"href":"https:\/\/heweliusza11.pl\/index.php?rest_route=%2Fwp%2Fv2%2Fmedia&parent=953"}],"curies":[{"name":"wp","href":"https:\/\/api.w.org\/{rel}","templated":true}]}}